{"id":218,"date":"2014-05-20T16:08:23","date_gmt":"2014-05-20T15:08:23","guid":{"rendered":"http:\/\/www.tokoya-coiffure.com\/coiffure-marseille\/?page_id=218"},"modified":"2021-05-21T09:43:19","modified_gmt":"2021-05-21T08:43:19","slug":"nos-plus","status":"publish","type":"page","link":"https:\/\/www.tokoya-coiffure.com\/coiffure-marseille\/nos-prestations\/nos-plus\/","title":{"rendered":"Le chignon de mari\u00e9e"},"content":{"rendered":"\t\t<div data-elementor-type=\"wp-post\" data-elementor-id=\"218\" class=\"elementor elementor-218 elementor-bc-flex-widget\">\n\t\t\t\t\t\t\t\t\t<section class=\"elementor-section elementor-top-section elementor-element elementor-element-3f2188b4 elementor-section-boxed elementor-section-height-default elementor-section-height-default\" data-id=\"3f2188b4\" data-element_type=\"section\">\n\t\t\t\t\t\t<div class=\"elementor-container elementor-column-gap-default\">\n\t\t\t\t\t<div class=\"elementor-column elementor-col-100 elementor-top-column elementor-element elementor-element-10df37ff\" data-id=\"10df37ff\" data-element_type=\"column\">\n\t\t\t<div class=\"elementor-widget-wrap elementor-element-populated\">\n\t\t\t\t\t\t\t\t<div class=\"elementor-element elementor-element-2142e9db elementor-widget elementor-widget-text-editor\" data-id=\"2142e9db\" data-element_type=\"widget\" data-widget_type=\"text-editor.default\">\n\t\t\t\t<div class=\"elementor-widget-container\">\n\t\t\t\t\t\t\t<p style=\"text-align: justify;\">[soliloquy id=&#8221;314&#8243;]<\/p><p style=\"text-align: justify;\">Pour nous, la coiffure est un art\u00a0! On est tr\u00e8s exigeants envers nous-m\u00eame, pour que le service refl\u00e8te notre passion. On est \u00e9galement hyper connect\u00e9s, pour rester en phase avec les derni\u00e8res tendances nationales et surtout internationales\u00a0!<\/p><p style=\"text-align: justify;\">Et comme si \u00e7a ne suffisait pas, on participe \u00e9galement \u00e0 tous les rassemblements de professionnels de la coiffure connus et reconnus \u00e0 travers le monde. Cela nous permet de te proposer en avant-premi\u00e8re des styles et des coupes futuristes\u00a0!<\/p><p><strong>CHIGNON DE MARIEE :<\/strong>\u00a0200 euros (essai compris: il comprend 3 coiffages diff\u00e9rents) &#8211; <strong>ATTACHE, TRESSE : <\/strong>30\/60 euros &#8211; <strong>BRUSH LONG :<\/strong>\u00a037 euros &#8211; <strong>BRUSH COURT :<\/strong>\u00a030 euros<\/p><div class=\"csRow\"><div class=\"csColumn\" style=\"margin: 0px; padding: 0px; float: left; width: 47.7%;\" data-csstartpoint=\"487.5\" data-csendpoint=\"945\" data-cswidth=\"47.7%\" data-csid=\"9a110bbc-3d6f-7cc8-aa6b-6902cbc4d98f\">\u00a0<\/div><div class=\"csColumnGap\" style=\"margin: 0px; padding: 0px; float: left; width: 1.56%;\"><img decoding=\"async\" src=\"http:\/\/www.tokoya-coiffure.com\/coiffure-marseille\/wp-content\/plugins\/advanced-wp-columns\/assets\/js\/plugins\/views\/img\/1x1-pixel.png\" alt=\"\" \/><\/div><div style=\"clear: both; float: none; display: block; visibility: hidden; width: 0px; font-size: 0px; line-height: 0;\">\u00a0<\/div><\/div>\t\t\t\t\t\t<\/div>\n\t\t\t\t<\/div>\n\t\t\t\t\t<\/div>\n\t\t<\/div>\n\t\t\t\t\t\t\t<\/div>\n\t\t<\/section>\n\t\t\t\t\t\t\t<\/div>\n\t\t","protected":false},"excerpt":{"rendered":"<p>[soliloquy id=&#8221;314&#8243;]Pour nous, la coiffure est un art\u00a0! On est tr\u00e8s exigeants envers nous-m\u00eame, pour que le service refl\u00e8te notre passion. On est \u00e9galement hyper connect\u00e9s, pour rester en phase avec les derni\u00e8res tendances nationales et surtout internationales\u00a0!Et comme si \u00e7a ne suffisait pas, on  [&#8230;]<\/p>\n","protected":false},"author":1,"featured_media":0,"parent":39,"menu_order":0,"comment_status":"open","ping_status":"closed","template":"","meta":[],"tags":[25,24,43,26,48,49],"yoast_head":"<!-- This site is optimized with the Yoast SEO plugin v17.2 - https:\/\/yoast.com\/wordpress\/plugins\/seo\/ -->\n<title>Le chignon de mari\u00e9e &raquo; Tokoya Coiffure Marseille<\/title>\n<meta name=\"robots\" content=\"index, follow, max-snippet:-1, max-image-preview:large, max-video-preview:-1\" \/>\n<link rel=\"canonical\" href=\"https:\/\/www.tokoya-coiffure.com\/coiffure-marseille\/nos-prestations\/nos-plus\/\" \/>\n<meta property=\"og:locale\" content=\"fr_FR\" \/>\n<meta property=\"og:type\" content=\"article\" \/>\n<meta property=\"og:title\" content=\"Le chignon de mari\u00e9e &raquo; Tokoya Coiffure Marseille\" \/>\n<meta property=\"og:description\" content=\"[soliloquy id=&quot;314&quot;]Pour nous, la coiffure est un art\u00a0! On est tr\u00e8s exigeants envers nous-m\u00eame, pour que le service refl\u00e8te notre passion. On est \u00e9galement hyper connect\u00e9s, pour rester en phase avec les derni\u00e8res tendances nationales et surtout internationales\u00a0!Et comme si \u00e7a ne suffisait pas, on [...]\" \/>\n<meta property=\"og:url\" content=\"https:\/\/www.tokoya-coiffure.com\/coiffure-marseille\/nos-prestations\/nos-plus\/\" \/>\n<meta property=\"og:site_name\" content=\"Tokoya Coiffure Marseille\" \/>\n<meta property=\"article:modified_time\" content=\"2021-05-21T08:43:19+00:00\" \/>\n<meta property=\"og:image\" content=\"http:\/\/www.tokoya-coiffure.com\/coiffure-marseille\/wp-content\/plugins\/advanced-wp-columns\/assets\/js\/plugins\/views\/img\/1x1-pixel.png\" \/>\n<meta name=\"twitter:card\" content=\"summary\" \/>\n<meta name=\"twitter:label1\" content=\"Est. reading time\" \/>\n\t<meta name=\"twitter:data1\" content=\"1 minute\" \/>\n<script type=\"application\/ld+json\" class=\"yoast-schema-graph\">{\"@context\":\"https:\/\/schema.org\",\"@graph\":[{\"@type\":\"WebSite\",\"@id\":\"https:\/\/www.tokoya-coiffure.com\/coiffure-marseille\/#website\",\"url\":\"https:\/\/www.tokoya-coiffure.com\/coiffure-marseille\/\",\"name\":\"Tokoya Coiffure Marseille\",\"description\":\"\",\"potentialAction\":[{\"@type\":\"SearchAction\",\"target\":{\"@type\":\"EntryPoint\",\"urlTemplate\":\"https:\/\/www.tokoya-coiffure.com\/coiffure-marseille\/?s={search_term_string}\"},\"query-input\":\"required name=search_term_string\"}],\"inLanguage\":\"fr-FR\"},{\"@type\":\"ImageObject\",\"@id\":\"https:\/\/www.tokoya-coiffure.com\/coiffure-marseille\/nos-prestations\/nos-plus\/#primaryimage\",\"inLanguage\":\"fr-FR\",\"url\":\"http:\/\/www.tokoya-coiffure.com\/coiffure-marseille\/wp-content\/plugins\/advanced-wp-columns\/assets\/js\/plugins\/views\/img\/1x1-pixel.png\",\"contentUrl\":\"http:\/\/www.tokoya-coiffure.com\/coiffure-marseille\/wp-content\/plugins\/advanced-wp-columns\/assets\/js\/plugins\/views\/img\/1x1-pixel.png\"},{\"@type\":\"WebPage\",\"@id\":\"https:\/\/www.tokoya-coiffure.com\/coiffure-marseille\/nos-prestations\/nos-plus\/#webpage\",\"url\":\"https:\/\/www.tokoya-coiffure.com\/coiffure-marseille\/nos-prestations\/nos-plus\/\",\"name\":\"Le chignon de mari\\u00e9e &raquo; Tokoya Coiffure Marseille\",\"isPartOf\":{\"@id\":\"https:\/\/www.tokoya-coiffure.com\/coiffure-marseille\/#website\"},\"primaryImageOfPage\":{\"@id\":\"https:\/\/www.tokoya-coiffure.com\/coiffure-marseille\/nos-prestations\/nos-plus\/#primaryimage\"},\"datePublished\":\"2014-05-20T15:08:23+00:00\",\"dateModified\":\"2021-05-21T08:43:19+00:00\",\"breadcrumb\":{\"@id\":\"https:\/\/www.tokoya-coiffure.com\/coiffure-marseille\/nos-prestations\/nos-plus\/#breadcrumb\"},\"inLanguage\":\"fr-FR\",\"potentialAction\":[{\"@type\":\"ReadAction\",\"target\":[\"https:\/\/www.tokoya-coiffure.com\/coiffure-marseille\/nos-prestations\/nos-plus\/\"]}]},{\"@type\":\"BreadcrumbList\",\"@id\":\"https:\/\/www.tokoya-coiffure.com\/coiffure-marseille\/nos-prestations\/nos-plus\/#breadcrumb\",\"itemListElement\":[{\"@type\":\"ListItem\",\"position\":1,\"name\":\"Accueil\",\"item\":\"https:\/\/www.tokoya-coiffure.com\/coiffure-marseille\/\"},{\"@type\":\"ListItem\",\"position\":2,\"name\":\"Nos Tarifs\",\"item\":\"https:\/\/www.tokoya-coiffure.com\/coiffure-marseille\/?page_id=39\"},{\"@type\":\"ListItem\",\"position\":3,\"name\":\"Le chignon de mari\\u00e9e\"}]}]}<\/script>\n<!-- \/ Yoast SEO plugin. -->","yoast_head_json":{"title":"Le chignon de mari\u00e9e &raquo; Tokoya Coiffure Marseille","robots":{"index":"index","follow":"follow","max-snippet":"max-snippet:-1","max-image-preview":"max-image-preview:large","max-video-preview":"max-video-preview:-1"},"canonical":"https:\/\/www.tokoya-coiffure.com\/coiffure-marseille\/nos-prestations\/nos-plus\/","og_locale":"fr_FR","og_type":"article","og_title":"Le chignon de mari\u00e9e &raquo; Tokoya Coiffure Marseille","og_description":"[soliloquy id=\"314\"]Pour nous, la coiffure est un art\u00a0! On est tr\u00e8s exigeants envers nous-m\u00eame, pour que le service refl\u00e8te notre passion. On est \u00e9galement hyper connect\u00e9s, pour rester en phase avec les derni\u00e8res tendances nationales et surtout internationales\u00a0!Et comme si \u00e7a ne suffisait pas, on [...]","og_url":"https:\/\/www.tokoya-coiffure.com\/coiffure-marseille\/nos-prestations\/nos-plus\/","og_site_name":"Tokoya Coiffure Marseille","article_modified_time":"2021-05-21T08:43:19+00:00","og_image":[{"url":"http:\/\/www.tokoya-coiffure.com\/coiffure-marseille\/wp-content\/plugins\/advanced-wp-columns\/assets\/js\/plugins\/views\/img\/1x1-pixel.png"}],"twitter_card":"summary","twitter_misc":{"Est. reading time":"1 minute"},"schema":{"@context":"https:\/\/schema.org","@graph":[{"@type":"WebSite","@id":"https:\/\/www.tokoya-coiffure.com\/coiffure-marseille\/#website","url":"https:\/\/www.tokoya-coiffure.com\/coiffure-marseille\/","name":"Tokoya Coiffure Marseille","description":"","potentialAction":[{"@type":"SearchAction","target":{"@type":"EntryPoint","urlTemplate":"https:\/\/www.tokoya-coiffure.com\/coiffure-marseille\/?s={search_term_string}"},"query-input":"required name=search_term_string"}],"inLanguage":"fr-FR"},{"@type":"ImageObject","@id":"https:\/\/www.tokoya-coiffure.com\/coiffure-marseille\/nos-prestations\/nos-plus\/#primaryimage","inLanguage":"fr-FR","url":"http:\/\/www.tokoya-coiffure.com\/coiffure-marseille\/wp-content\/plugins\/advanced-wp-columns\/assets\/js\/plugins\/views\/img\/1x1-pixel.png","contentUrl":"http:\/\/www.tokoya-coiffure.com\/coiffure-marseille\/wp-content\/plugins\/advanced-wp-columns\/assets\/js\/plugins\/views\/img\/1x1-pixel.png"},{"@type":"WebPage","@id":"https:\/\/www.tokoya-coiffure.com\/coiffure-marseille\/nos-prestations\/nos-plus\/#webpage","url":"https:\/\/www.tokoya-coiffure.com\/coiffure-marseille\/nos-prestations\/nos-plus\/","name":"Le chignon de mari\u00e9e &raquo; Tokoya Coiffure Marseille","isPartOf":{"@id":"https:\/\/www.tokoya-coiffure.com\/coiffure-marseille\/#website"},"primaryImageOfPage":{"@id":"https:\/\/www.tokoya-coiffure.com\/coiffure-marseille\/nos-prestations\/nos-plus\/#primaryimage"},"datePublished":"2014-05-20T15:08:23+00:00","dateModified":"2021-05-21T08:43:19+00:00","breadcrumb":{"@id":"https:\/\/www.tokoya-coiffure.com\/coiffure-marseille\/nos-prestations\/nos-plus\/#breadcrumb"},"inLanguage":"fr-FR","potentialAction":[{"@type":"ReadAction","target":["https:\/\/www.tokoya-coiffure.com\/coiffure-marseille\/nos-prestations\/nos-plus\/"]}]},{"@type":"BreadcrumbList","@id":"https:\/\/www.tokoya-coiffure.com\/coiffure-marseille\/nos-prestations\/nos-plus\/#breadcrumb","itemListElement":[{"@type":"ListItem","position":1,"name":"Accueil","item":"https:\/\/www.tokoya-coiffure.com\/coiffure-marseille\/"},{"@type":"ListItem","position":2,"name":"Nos Tarifs","item":"https:\/\/www.tokoya-coiffure.com\/coiffure-marseille\/?page_id=39"},{"@type":"ListItem","position":3,"name":"Le chignon de mari\u00e9e"}]}]}},"_links":{"self":[{"href":"https:\/\/www.tokoya-coiffure.com\/coiffure-marseille\/wp-json\/wp\/v2\/pages\/218"}],"collection":[{"href":"https:\/\/www.tokoya-coiffure.com\/coiffure-marseille\/wp-json\/wp\/v2\/pages"}],"about":[{"href":"https:\/\/www.tokoya-coiffure.com\/coiffure-marseille\/wp-json\/wp\/v2\/types\/page"}],"author":[{"embeddable":true,"href":"https:\/\/www.tokoya-coiffure.com\/coiffure-marseille\/wp-json\/wp\/v2\/users\/1"}],"replies":[{"embeddable":true,"href":"https:\/\/www.tokoya-coiffure.com\/coiffure-marseille\/wp-json\/wp\/v2\/comments?post=218"}],"version-history":[{"count":0,"href":"https:\/\/www.tokoya-coiffure.com\/coiffure-marseille\/wp-json\/wp\/v2\/pages\/218\/revisions"}],"up":[{"embeddable":true,"href":"https:\/\/www.tokoya-coiffure.com\/coiffure-marseille\/wp-json\/wp\/v2\/pages\/39"}],"wp:attachment":[{"href":"https:\/\/www.tokoya-coiffure.com\/coiffure-marseille\/wp-json\/wp\/v2\/media?parent=218"}],"wp:term":[{"taxonomy":"post_tag","embeddable":true,"href":"https:\/\/www.tokoya-coiffure.com\/coiffure-marseille\/wp-json\/wp\/v2\/tags?post=218"}],"curies":[{"name":"wp","href":"https:\/\/api.w.org\/{rel}","templated":true}]}}