{"id":492,"date":"2019-07-25T08:03:16","date_gmt":"2019-07-25T07:03:16","guid":{"rendered":"http:\/\/www.tokoya-coiffure.com\/coiffure-marseille\/?page_id=492"},"modified":"2019-07-25T08:09:49","modified_gmt":"2019-07-25T07:09:49","slug":"tokoya-10-ans","status":"publish","type":"page","link":"https:\/\/www.tokoya-coiffure.com\/coiffure-marseille\/tokoya-10-ans\/","title":{"rendered":"Tokoya 10 ans"},"content":{"rendered":"<p>Il y a 10 ans d\u00e9j\u00e0, nous ouvrions notre salon de coiffure, le fruit d\u2019une passion commune. C\u2019\u00e9tait le d\u00e9but d\u2019une aventure. Notre id\u00e9e\u00a0? Proposer un salon \u00ab\u00a0comme \u00e0 la maison\u00a0\u00bb. Nos ma\u00eetres-mots\u00a0? Le naturel et le sur-mesure. C\u2019\u00e9tait la naissance de Tokoya. A ce moment pr\u00e9cis, impossible d\u2019imaginer l\u2019avenir et les retomb\u00e9es du Salon. C\u2019est chaque jour, coups de ciseaux apr\u00e8s coups de ciseaux, coiffure apr\u00e8s coiffure, coupe apr\u00e8s coupe et surtout, rencontre apr\u00e8s rencontre, que notre histoire grandit, fid\u00e8le \u00e0 nous-m\u00eames, toujours en recherche des derni\u00e8res tendances et reconnaissants avec nos clients qui nous font confiance. Jour apr\u00e8s jour, nos clients ont vant\u00e9 Tokoya, nous emmenant d\u2019autre clients encore. Nous sommes fiers de vous rendre heureux, et de vous voir revenir au salon. Nous sommes combl\u00e9s de lier des liens avec vous. Heureux de pouvoir vivre de notre passion et de la voir grandir chaque jour. Nous n\u2019avons jamais cess\u00e9 d\u2019aimer notre m\u00e9tier et nous n\u2019avons jamais cess\u00e9 de nous former en autodidacte \u00e0 chaque nouvelle technique. Notre but ultime\u00a0? Vous proposer le meilleur pour vos cheveux\u00a0! Embellir votre allure en soignant vos cheveux. Une coiffure peut transformer votre style, au gr\u00e9 des courants, des envies, des humeurs !<\/p>\n<p>&nbsp;<\/p>\n<p>10 ans plus tard, et avec un certain nombre de coups de ciseaux \u00e0 notre actif, il nous tient \u00e0 c\u0153ur de vous remercier. MERCI de nous suivre. MERCI de nous rendre r\u00e9guli\u00e8rement visite et d\u2019en faire profiter vos amis, qui deviennent les amis de Tokoya.<\/p>\n<p>MERCI pour ces 10 ann\u00e9es de bonheur, de partage, merci \u00e0 vous tous pour votre confiance en notre cr\u00e9ativit\u00e9, \u00e0 notre enthousiasme, \u00e0 nos ciseaux, \u00e0 notre salon\u2026.Merci de nous donner l\u2019envie de continuer cette belle aventure avec notre \u00e9crin, Tokoya.<\/p>\n<p>&nbsp;<\/p>\n<p>[envira-gallery id=&#8221;250&#8243;]<\/p>\n","protected":false},"excerpt":{"rendered":"<p>Il y a 10 ans d\u00e9j\u00e0, nous ouvrions notre salon de coiffure, le fruit d\u2019une passion commune. C\u2019\u00e9tait le d\u00e9but d\u2019une aventure. Notre id\u00e9e\u00a0? Proposer un salon \u00ab\u00a0comme \u00e0 la maison\u00a0\u00bb. Nos ma\u00eetres-mots\u00a0? Le naturel et le sur-mesure. C\u2019\u00e9tait la naissance de Tokoya. A ce moment pr\u00e9cis, impossible d\u2019imaginer  [&#8230;]<\/p>\n","protected":false},"author":1,"featured_media":0,"parent":0,"menu_order":0,"comment_status":"closed","ping_status":"closed","template":"","meta":[],"tags":[],"yoast_head":"<!-- This site is optimized with the Yoast SEO plugin v17.2 - https:\/\/yoast.com\/wordpress\/plugins\/seo\/ -->\n<title>Tokoya 10 ans &raquo; Tokoya Coiffure Marseille<\/title>\n<meta name=\"robots\" content=\"index, follow, max-snippet:-1, max-image-preview:large, max-video-preview:-1\" \/>\n<link rel=\"canonical\" href=\"https:\/\/www.tokoya-coiffure.com\/coiffure-marseille\/tokoya-10-ans\/\" \/>\n<meta property=\"og:locale\" content=\"fr_FR\" \/>\n<meta property=\"og:type\" content=\"article\" \/>\n<meta property=\"og:title\" content=\"Tokoya 10 ans &raquo; Tokoya Coiffure Marseille\" \/>\n<meta property=\"og:description\" content=\"Il y a 10 ans d\u00e9j\u00e0, nous ouvrions notre salon de coiffure, le fruit d\u2019une passion commune. C\u2019\u00e9tait le d\u00e9but d\u2019une aventure. Notre id\u00e9e\u00a0? Proposer un salon \u00ab\u00a0comme \u00e0 la maison\u00a0\u00bb. Nos ma\u00eetres-mots\u00a0? Le naturel et le sur-mesure. C\u2019\u00e9tait la naissance de Tokoya. A ce moment pr\u00e9cis, impossible d\u2019imaginer [...]\" \/>\n<meta property=\"og:url\" content=\"https:\/\/www.tokoya-coiffure.com\/coiffure-marseille\/tokoya-10-ans\/\" \/>\n<meta property=\"og:site_name\" content=\"Tokoya Coiffure Marseille\" \/>\n<meta property=\"article:modified_time\" content=\"2019-07-25T07:09:49+00:00\" \/>\n<meta name=\"twitter:card\" content=\"summary\" \/>\n<meta name=\"twitter:label1\" content=\"Est. reading time\" \/>\n\t<meta name=\"twitter:data1\" content=\"2 minutes\" \/>\n<script type=\"application\/ld+json\" class=\"yoast-schema-graph\">{\"@context\":\"https:\/\/schema.org\",\"@graph\":[{\"@type\":\"WebSite\",\"@id\":\"https:\/\/www.tokoya-coiffure.com\/coiffure-marseille\/#website\",\"url\":\"https:\/\/www.tokoya-coiffure.com\/coiffure-marseille\/\",\"name\":\"Tokoya Coiffure Marseille\",\"description\":\"\",\"potentialAction\":[{\"@type\":\"SearchAction\",\"target\":{\"@type\":\"EntryPoint\",\"urlTemplate\":\"https:\/\/www.tokoya-coiffure.com\/coiffure-marseille\/?s={search_term_string}\"},\"query-input\":\"required name=search_term_string\"}],\"inLanguage\":\"fr-FR\"},{\"@type\":\"WebPage\",\"@id\":\"https:\/\/www.tokoya-coiffure.com\/coiffure-marseille\/tokoya-10-ans\/#webpage\",\"url\":\"https:\/\/www.tokoya-coiffure.com\/coiffure-marseille\/tokoya-10-ans\/\",\"name\":\"Tokoya 10 ans &raquo; Tokoya Coiffure Marseille\",\"isPartOf\":{\"@id\":\"https:\/\/www.tokoya-coiffure.com\/coiffure-marseille\/#website\"},\"datePublished\":\"2019-07-25T07:03:16+00:00\",\"dateModified\":\"2019-07-25T07:09:49+00:00\",\"breadcrumb\":{\"@id\":\"https:\/\/www.tokoya-coiffure.com\/coiffure-marseille\/tokoya-10-ans\/#breadcrumb\"},\"inLanguage\":\"fr-FR\",\"potentialAction\":[{\"@type\":\"ReadAction\",\"target\":[\"https:\/\/www.tokoya-coiffure.com\/coiffure-marseille\/tokoya-10-ans\/\"]}]},{\"@type\":\"BreadcrumbList\",\"@id\":\"https:\/\/www.tokoya-coiffure.com\/coiffure-marseille\/tokoya-10-ans\/#breadcrumb\",\"itemListElement\":[{\"@type\":\"ListItem\",\"position\":1,\"name\":\"Accueil\",\"item\":\"https:\/\/www.tokoya-coiffure.com\/coiffure-marseille\/\"},{\"@type\":\"ListItem\",\"position\":2,\"name\":\"Tokoya 10 ans\"}]}]}<\/script>\n<!-- \/ Yoast SEO plugin. -->","yoast_head_json":{"title":"Tokoya 10 ans &raquo; Tokoya Coiffure Marseille","robots":{"index":"index","follow":"follow","max-snippet":"max-snippet:-1","max-image-preview":"max-image-preview:large","max-video-preview":"max-video-preview:-1"},"canonical":"https:\/\/www.tokoya-coiffure.com\/coiffure-marseille\/tokoya-10-ans\/","og_locale":"fr_FR","og_type":"article","og_title":"Tokoya 10 ans &raquo; Tokoya Coiffure Marseille","og_description":"Il y a 10 ans d\u00e9j\u00e0, nous ouvrions notre salon de coiffure, le fruit d\u2019une passion commune. C\u2019\u00e9tait le d\u00e9but d\u2019une aventure. Notre id\u00e9e\u00a0? Proposer un salon \u00ab\u00a0comme \u00e0 la maison\u00a0\u00bb. Nos ma\u00eetres-mots\u00a0? Le naturel et le sur-mesure. C\u2019\u00e9tait la naissance de Tokoya. A ce moment pr\u00e9cis, impossible d\u2019imaginer [...]","og_url":"https:\/\/www.tokoya-coiffure.com\/coiffure-marseille\/tokoya-10-ans\/","og_site_name":"Tokoya Coiffure Marseille","article_modified_time":"2019-07-25T07:09:49+00:00","twitter_card":"summary","twitter_misc":{"Est. reading time":"2 minutes"},"schema":{"@context":"https:\/\/schema.org","@graph":[{"@type":"WebSite","@id":"https:\/\/www.tokoya-coiffure.com\/coiffure-marseille\/#website","url":"https:\/\/www.tokoya-coiffure.com\/coiffure-marseille\/","name":"Tokoya Coiffure Marseille","description":"","potentialAction":[{"@type":"SearchAction","target":{"@type":"EntryPoint","urlTemplate":"https:\/\/www.tokoya-coiffure.com\/coiffure-marseille\/?s={search_term_string}"},"query-input":"required name=search_term_string"}],"inLanguage":"fr-FR"},{"@type":"WebPage","@id":"https:\/\/www.tokoya-coiffure.com\/coiffure-marseille\/tokoya-10-ans\/#webpage","url":"https:\/\/www.tokoya-coiffure.com\/coiffure-marseille\/tokoya-10-ans\/","name":"Tokoya 10 ans &raquo; Tokoya Coiffure Marseille","isPartOf":{"@id":"https:\/\/www.tokoya-coiffure.com\/coiffure-marseille\/#website"},"datePublished":"2019-07-25T07:03:16+00:00","dateModified":"2019-07-25T07:09:49+00:00","breadcrumb":{"@id":"https:\/\/www.tokoya-coiffure.com\/coiffure-marseille\/tokoya-10-ans\/#breadcrumb"},"inLanguage":"fr-FR","potentialAction":[{"@type":"ReadAction","target":["https:\/\/www.tokoya-coiffure.com\/coiffure-marseille\/tokoya-10-ans\/"]}]},{"@type":"BreadcrumbList","@id":"https:\/\/www.tokoya-coiffure.com\/coiffure-marseille\/tokoya-10-ans\/#breadcrumb","itemListElement":[{"@type":"ListItem","position":1,"name":"Accueil","item":"https:\/\/www.tokoya-coiffure.com\/coiffure-marseille\/"},{"@type":"ListItem","position":2,"name":"Tokoya 10 ans"}]}]}},"_links":{"self":[{"href":"https:\/\/www.tokoya-coiffure.com\/coiffure-marseille\/wp-json\/wp\/v2\/pages\/492"}],"collection":[{"href":"https:\/\/www.tokoya-coiffure.com\/coiffure-marseille\/wp-json\/wp\/v2\/pages"}],"about":[{"href":"https:\/\/www.tokoya-coiffure.com\/coiffure-marseille\/wp-json\/wp\/v2\/types\/page"}],"author":[{"embeddable":true,"href":"https:\/\/www.tokoya-coiffure.com\/coiffure-marseille\/wp-json\/wp\/v2\/users\/1"}],"replies":[{"embeddable":true,"href":"https:\/\/www.tokoya-coiffure.com\/coiffure-marseille\/wp-json\/wp\/v2\/comments?post=492"}],"version-history":[{"count":0,"href":"https:\/\/www.tokoya-coiffure.com\/coiffure-marseille\/wp-json\/wp\/v2\/pages\/492\/revisions"}],"wp:attachment":[{"href":"https:\/\/www.tokoya-coiffure.com\/coiffure-marseille\/wp-json\/wp\/v2\/media?parent=492"}],"wp:term":[{"taxonomy":"post_tag","embeddable":true,"href":"https:\/\/www.tokoya-coiffure.com\/coiffure-marseille\/wp-json\/wp\/v2\/tags?post=492"}],"curies":[{"name":"wp","href":"https:\/\/api.w.org\/{rel}","templated":true}]}}